{"id":4282,"date":"2024-03-13T16:04:25","date_gmt":"2024-03-13T15:04:25","guid":{"rendered":"https:\/\/reseaupsy.cuco.dev\/uns-unterstuetzen\/"},"modified":"2025-04-02T12:57:55","modified_gmt":"2025-04-02T10:57:55","slug":"uns-unterstuetzen","status":"publish","type":"page","link":"https:\/\/reseaupsy.lu\/de\/uns-unterstuetzen\/","title":{"rendered":"Uns unterst\u00fctzen"},"content":{"rendered":"[vc_row type=&#8220;full_width_background&#8220; full_screen_row_position=&#8220;middle&#8220; column_margin=&#8220;default&#8220; column_direction=&#8220;default&#8220; column_direction_tablet=&#8220;default&#8220; column_direction_phone=&#8220;default&#8220; bg_image=&#8220;2966&#8243; bg_position=&#8220;center center&#8220; background_image_loading=&#8220;default&#8220; bg_repeat=&#8220;no-repeat&#8220; scene_position=&#8220;center&#8220; text_color=&#8220;dark&#8220; text_align=&#8220;left&#8220; row_border_radius=&#8220;none&#8220; row_border_radius_applies=&#8220;bg&#8220; overflow=&#8220;visible&#8220; overlay_strength=&#8220;0.3&#8243; gradient_direction=&#8220;left_to_right&#8220; shape_divider_position=&#8220;bottom&#8220; bg_image_animation=&#8220;none&#8220; color_type=&#8220;regular&#8220; highlight_color=&#8220;&#8220; secondary_color=&#8220;&#8220; scribble_color=&#8220;#f8b03b&#8220; scribble_text_highlight=&#8220;&#8220; style=&#8220;scribble&#8220; scribble_shape=&#8220;basic-underline&#8220; scribble_thickness=&#8220;thick&#8220; scribble_speed=&#8220;1.3s&#8220; scribble_easing=&#8220;ease_in_out&#8220; highlight_expansion=&#8220;default&#8220; outline_thickness=&#8220;thin&#8220; underline_thickness=&#8220;default&#8220; disable_mobile_animation=&#8220;&#8220; custom_font_size=&#8220;4rem&#8220; delay=&#8220;&#8220; font_size_tablet=&#8220;&#8220; font_size_phone=&#8220;&#8220; font_line_height=&#8220;&#8220; gradient_type=&#8220;default&#8220; shape_type=&#8220;&#8220;][vc_column column_padding=&#8220;no-extra-padding&#8220; column_padding_tablet=&#8220;inherit&#8220; column_padding_phone=&#8220;inherit&#8220; column_padding_position=&#8220;all&#8220; top_margin=&#8220;50&#8243; column_element_direction_desktop=&#8220;default&#8220; column_element_spacing=&#8220;default&#8220; centered_text=&#8220;true&#8220; desktop_text_alignment=&#8220;default&#8220; tablet_text_alignment=&#8220;default&#8220; phone_text_alignment=&#8220;default&#8220; background_color_opacity=&#8220;1&#8243; background_hover_color_opacity=&#8220;1&#8243; column_backdrop_filter=&#8220;none&#8220; column_shadow=&#8220;none&#8220; column_border_radius=&#8220;none&#8220; column_link_target=&#8220;_self&#8220; column_position=&#8220;default&#8220; gradient_direction=&#8220;left_to_right&#8220; overlay_strength=&#8220;0.3&#8243; width=&#8220;1\/1&#8243; tablet_width_inherit=&#8220;default&#8220; animation_type=&#8220;default&#8220; bg_image_animation=&#8220;none&#8220; border_type=&#8220;simple&#8220; column_border_width=&#8220;none&#8220; column_border_style=&#8220;solid&#8220; column_padding_type=&#8220;default&#8220; gradient_type=&#8220;default&#8220;][nectar_highlighted_text text_color=&#8220;#ffffff&#8220; scribble_color=&#8220;#f8b03b&#8220; style=&#8220;scribble&#8220; scribble_shape=&#8220;basic-underline&#8220; scribble_thickness=&#8220;thick&#8220; scribble_speed=&#8220;1.3s&#8220; scribble_easing=&#8220;ease_in_out&#8220; custom_font_size=&#8220;4rem&#8220; text_direction=&#8220;default&#8220;]\n<h2><em>Wie k\u00f6nnen Sie uns helfen?<\/em><\/h2>\n[\/nectar_highlighted_text][vc_row_inner column_margin=&#8220;30px&#8220; column_direction=&#8220;default&#8220; column_direction_tablet=&#8220;default&#8220; column_direction_phone=&#8220;default&#8220; top_padding=&#8220;50&#8243; text_align=&#8220;left&#8220; row_position=&#8220;default&#8220; row_position_tablet=&#8220;inherit&#8220; row_position_phone=&#8220;inherit&#8220; overflow=&#8220;visible&#8220; pointer_events=&#8220;all&#8220;][vc_column_inner column_padding=&#8220;padding-3-percent&#8220; column_padding_tablet=&#8220;inherit&#8220; column_padding_phone=&#8220;inherit&#8220; column_padding_position=&#8220;all&#8220; top_margin=&#8220;0&#8243; bottom_margin=&#8220;0&#8243; left_margin=&#8220;0&#8243; right_margin=&#8220;0&#8243; column_element_direction_desktop=&#8220;default&#8220; column_element_spacing=&#8220;default&#8220; desktop_text_alignment=&#8220;default&#8220; tablet_text_alignment=&#8220;default&#8220; phone_text_alignment=&#8220;default&#8220; background_color=&#8220;#ffffff&#8220; background_color_opacity=&#8220;1&#8243; background_hover_color_opacity=&#8220;1&#8243; column_backdrop_filter=&#8220;none&#8220; column_shadow=&#8220;none&#8220; column_border_radius=&#8220;none&#8220; column_link_target=&#8220;_self&#8220; overflow=&#8220;visible&#8220; gradient_direction=&#8220;left_to_right&#8220; overlay_strength=&#8220;0.3&#8243; width=&#8220;1\/3&#8243; tablet_width_inherit=&#8220;default&#8220; animation_type=&#8220;default&#8220; bg_image_animation=&#8220;none&#8220; border_type=&#8220;simple&#8220; column_border_width=&#8220;none&#8220; column_border_style=&#8220;solid&#8220; column_padding_type=&#8220;default&#8220; gradient_type=&#8220;default&#8220;][vc_column_text css=&#8220;&#8220; text_direction=&#8220;default&#8220;]\n<div class=\"wpb_text_column wpb_content_element \">\n<div class=\"wpb_wrapper\">\n<h1 style=\"text-align: center;\" data-mce-style=\"text-align: center;\"><span style=\"color: rgb(255, 204, 0);\" data-mce-style=\"color: #ffcc00;\">Eine Spende machen<\/span><\/h1>\n<\/div>\n<\/div>\n[\/vc_column_text][vc_column_text]\n<p><strong>Der grundlegende Betrieb unserer Dienste wird durch die Vereinbarungen des Gesundheitsministeriums und der Nationalen Gesundheitskasse gew\u00e4hrleistet. Wir entwickeln jedoch regelm\u00e4\u00dfig Projekte, f\u00fcr die der Verein zus\u00e4tzliche finanzielle Mittel sucht, um sie zu realisieren.<\/strong><\/p>\n[\/vc_column_text][image_with_animation image_url=&#8220;813&#8243; image_size=&#8220;medium_large&#8220; animation_type=&#8220;entrance&#8220; animation=&#8220;None&#8220; animation_movement_type=&#8220;transform_y&#8220; hover_animation=&#8220;none&#8220; alignment=&#8220;&#8220; border_radius=&#8220;none&#8220; box_shadow=&#8220;none&#8220; image_loading=&#8220;default&#8220; max_width=&#8220;100%&#8220; max_width_mobile=&#8220;default&#8220;][vc_column_text]\n<div class=\"wpb_text_column wpb_content_element \">\n<div class=\"wpb_wrapper\">\n<p>Wenn Sie uns unterst\u00fctzen m\u00f6chten, z\u00f6gern Sie nicht, eine Spende an unseren Verein zu machen. Die Spenden werden f\u00fcr Projekte verwendet, die den Klientinnen und Klienten zugute kommen, die unsere verschiedenen Dienste in Anspruch nehmen. Dies kann auf der Ebene von Gesundheitsinformationen, Kulturprojekten, Inklusionsprojekten etc. sein.<\/p>\n<p><strong>R\u00e9seau Psy-Psychesch H\u00ebllef Dobaussen genie\u00dft den Status der Gemeinn\u00fctzigkeit.<\/strong><\/p>\n<\/div>\n<\/div>\n[\/vc_column_text][image_with_animation image_url=&#8220;4939&#8243; image_size=&#8220;medium_large&#8220; animation_type=&#8220;entrance&#8220; animation=&#8220;None&#8220; animation_movement_type=&#8220;transform_y&#8220; hover_animation=&#8220;none&#8220; alignment=&#8220;&#8220; img_link_target=&#8220;_blank&#8220; border_radius=&#8220;none&#8220; box_shadow=&#8220;none&#8220; image_loading=&#8220;default&#8220; max_width=&#8220;100%&#8220; max_width_mobile=&#8220;default&#8220; img_link=&#8220;https:\/\/reseaupsy.lu\/wp-content\/uploads\/2025\/02\/RIB-Reseau-Psy-1.pdf&#8220;][\/vc_column_inner][vc_column_inner column_padding=&#8220;padding-3-percent&#8220; column_padding_tablet=&#8220;inherit&#8220; column_padding_phone=&#8220;inherit&#8220; column_padding_position=&#8220;all&#8220; column_element_direction_desktop=&#8220;default&#8220; column_element_spacing=&#8220;default&#8220; desktop_text_alignment=&#8220;default&#8220; tablet_text_alignment=&#8220;default&#8220; phone_text_alignment=&#8220;default&#8220; background_color=&#8220;#ffffff&#8220; background_color_opacity=&#8220;1&#8243; background_hover_color_opacity=&#8220;1&#8243; column_backdrop_filter=&#8220;none&#8220; column_shadow=&#8220;none&#8220; column_border_radius=&#8220;none&#8220; column_link_target=&#8220;_self&#8220; overflow=&#8220;visible&#8220; gradient_direction=&#8220;left_to_right&#8220; overlay_strength=&#8220;0.3&#8243; width=&#8220;1\/3&#8243; tablet_width_inherit=&#8220;default&#8220; animation_type=&#8220;default&#8220; bg_image_animation=&#8220;none&#8220; border_type=&#8220;simple&#8220; column_border_width=&#8220;none&#8220; column_border_style=&#8220;solid&#8220; column_padding_type=&#8220;default&#8220; gradient_type=&#8220;default&#8220;][vc_column_text css=&#8220;&#8220; text_direction=&#8220;default&#8220;]\n<div class=\"wpb_text_column wpb_content_element \">\n<div class=\"wpb_wrapper\">\n<h1 style=\"text-align: center;\" data-mce-style=\"text-align: center;\"><span style=\"color: rgb(255, 204, 0);\" data-mce-style=\"color: #ffcc00;\">Per payconiq spenden<\/span><\/h1>\n<\/div>\n<\/div>\n[\/vc_column_text][image_with_animation image_url=&#8220;4074&#8243; image_size=&#8220;medium_large&#8220; animation_type=&#8220;entrance&#8220; animation=&#8220;None&#8220; animation_movement_type=&#8220;transform_y&#8220; hover_animation=&#8220;none&#8220; alignment=&#8220;&#8220; border_radius=&#8220;none&#8220; box_shadow=&#8220;none&#8220; image_loading=&#8220;default&#8220; max_width=&#8220;100%&#8220; max_width_mobile=&#8220;default&#8220; margin_top=&#8220;30&#8243;][image_with_animation image_url=&#8220;3081&#8243; image_size=&#8220;medium_large&#8220; animation_type=&#8220;entrance&#8220; animation=&#8220;None&#8220; animation_movement_type=&#8220;transform_y&#8220; hover_animation=&#8220;none&#8220; alignment=&#8220;&#8220; border_radius=&#8220;none&#8220; box_shadow=&#8220;none&#8220; image_loading=&#8220;default&#8220; max_width=&#8220;100%&#8220; max_width_mobile=&#8220;default&#8220; margin_top=&#8220;30&#8243;][\/vc_column_inner][vc_column_inner column_padding=&#8220;padding-3-percent&#8220; column_padding_tablet=&#8220;inherit&#8220; column_padding_phone=&#8220;inherit&#8220; column_padding_position=&#8220;all&#8220; column_element_direction_desktop=&#8220;default&#8220; column_element_spacing=&#8220;default&#8220; desktop_text_alignment=&#8220;default&#8220; tablet_text_alignment=&#8220;default&#8220; phone_text_alignment=&#8220;default&#8220; background_color=&#8220;#ffffff&#8220; background_color_opacity=&#8220;1&#8243; background_hover_color_opacity=&#8220;1&#8243; column_backdrop_filter=&#8220;none&#8220; column_shadow=&#8220;none&#8220; column_border_radius=&#8220;none&#8220; column_link_target=&#8220;_self&#8220; overflow=&#8220;visible&#8220; gradient_direction=&#8220;left_to_right&#8220; overlay_strength=&#8220;0.3&#8243; width=&#8220;1\/3&#8243; tablet_width_inherit=&#8220;default&#8220; animation_type=&#8220;default&#8220; bg_image_animation=&#8220;none&#8220; border_type=&#8220;simple&#8220; column_border_width=&#8220;none&#8220; column_border_style=&#8220;solid&#8220; column_padding_type=&#8220;default&#8220; gradient_type=&#8220;default&#8220;][vc_column_text css=&#8220;&#8220; text_direction=&#8220;default&#8220;]\n<div class=\"wpb_text_column wpb_content_element \">\n<div class=\"wpb_wrapper\">\n<h1 style=\"text-align: center;\" data-mce-style=\"text-align: center;\"><span style=\"color: rgb(255, 204, 0);\" data-mce-style=\"color: #ffcc00;\">Durch das Vermieten einer Wohnung<\/span><\/h1>\n<\/div>\n<\/div>\n[\/vc_column_text][vc_column_text]\n<p><strong>F\u00fcr unseren Service \u201eBetreutes Wohnen\u201c sind wir st\u00e4ndig auf der Suche nach Studios, Apartments und Wohnungen zu erschwinglichen Preisen. Wir sind sehr dankbar f\u00fcr Eigent\u00fcmer, die bereit w\u00e4ren, mit unserem Verband zusammenzuarbeiten. <\/strong><\/p>\n[\/vc_column_text][image_with_animation image_url=&#8220;3062&#8243; image_size=&#8220;medium_large&#8220; animation_type=&#8220;entrance&#8220; animation=&#8220;None&#8220; animation_movement_type=&#8220;transform_y&#8220; hover_animation=&#8220;none&#8220; alignment=&#8220;&#8220; border_radius=&#8220;none&#8220; box_shadow=&#8220;none&#8220; image_loading=&#8220;default&#8220; max_width=&#8220;100%&#8220; max_width_mobile=&#8220;default&#8220;][vc_column_text]\n<p>Vorteile f\u00fcr den Eigent\u00fcmer :<br \/>&#8211; Mietvertrag, der zwischen unserer Struktur und dem Eigent\u00fcmer unterzeichnet wird.<br \/>&#8211; Garantierte Mietzahlung durch die Organisation<br \/>&#8211; Betreuung zu Hause durch das Team des Service f\u00fcr betreutes Wohnen.<br \/>&#8211; Instandhaltung der Wohnung durch unser technisches Team.<br \/>Wenn Sie Ihre Wohnung zu einem erschwinglichen Preis vermieten und gleichzeitig von Steuervorteilen und denselben Vorteilen wie den oben genannten profitieren m\u00f6chten, kann die <a href=\"https:\/\/reseaupsy.cuco.dev\/wp-content\/uploads\/2024\/12\/fr-flyer-gls.pdf\" data-mce-href=\"https:\/\/reseaupsy.cuco.dev\/wp-content\/uploads\/2024\/12\/fr-flyer-gls.pdf\"><strong>soziale Mietverwaltung<\/strong><\/a> ebenfalls eine Option sein.<br \/>Wenn Sie daran interessiert sind, sich sozial zu engagieren und uns Ihre Hilfe und Unterst\u00fctzung zukommen zu lassen, z\u00f6gern Sie nicht, uns \u00fcber unsere Verwaltungsabteilung zu kontaktieren:<br \/><strong><a href=\"https:\/\/reseaupsy.cuco.dev\/contact\/\" data-mce-href=\"https:\/\/reseaupsy.cuco.dev\/contact\/\">Kontakt<\/a><\/strong><\/p>\n[\/vc_column_text][\/vc_column_inner][\/vc_row_inner][\/vc_column][\/vc_row]\n","protected":false},"excerpt":{"rendered":"<p>[vc_row type=&#8220;full_width_background&#8220; full_screen_row_position=&#8220;middle&#8220; column_margin=&#8220;default&#8220; column_direction=&#8220;default&#8220; column_direction_tablet=&#8220;default&#8220; column_direction_phone=&#8220;default&#8220; bg_image=&#8220;2966&#8243; bg_position=&#8220;center center&#8220; background_image_loading=&#8220;default&#8220; bg_repeat=&#8220;no-repeat&#8220; scene_position=&#8220;center&#8220; text_color=&#8220;dark&#8220; text_align=&#8220;left&#8220; row_border_radius=&#8220;none&#8220; row_border_radius_applies=&#8220;bg&#8220; overflow=&#8220;visible&#8220; overlay_strength=&#8220;0.3&#8243; gradient_direction=&#8220;left_to_right&#8220; shape_divider_position=&#8220;bottom&#8220; bg_image_animation=&#8220;none&#8220; color_type=&#8220;regular&#8220; highlight_color=&#8220;&#8220; secondary_color=&#8220;&#8220; scribble_color=&#8220;#f8b03b&#8220; scribble_text_highlight=&#8220;&#8220; style=&#8220;scribble&#8220; scribble_shape=&#8220;basic-underline&#8220; scribble_thickness=&#8220;thick&#8220;&#8230;<\/p>\n","protected":false},"author":1,"featured_media":0,"parent":0,"menu_order":0,"comment_status":"closed","ping_status":"closed","template":"","meta":{"_acf_changed":false,"inline_featured_image":false,"footnotes":""},"class_list":["post-4282","page","type-page","status-publish"],"acf":[],"_links":{"self":[{"href":"https:\/\/reseaupsy.lu\/de\/wp-json\/wp\/v2\/pages\/4282","targetHints":{"allow":["GET"]}}],"collection":[{"href":"https:\/\/reseaupsy.lu\/de\/wp-json\/wp\/v2\/pages"}],"about":[{"href":"https:\/\/reseaupsy.lu\/de\/wp-json\/wp\/v2\/types\/page"}],"author":[{"embeddable":true,"href":"https:\/\/reseaupsy.lu\/de\/wp-json\/wp\/v2\/users\/1"}],"replies":[{"embeddable":true,"href":"https:\/\/reseaupsy.lu\/de\/wp-json\/wp\/v2\/comments?post=4282"}],"version-history":[{"count":13,"href":"https:\/\/reseaupsy.lu\/de\/wp-json\/wp\/v2\/pages\/4282\/revisions"}],"predecessor-version":[{"id":5188,"href":"https:\/\/reseaupsy.lu\/de\/wp-json\/wp\/v2\/pages\/4282\/revisions\/5188"}],"wp:attachment":[{"href":"https:\/\/reseaupsy.lu\/de\/wp-json\/wp\/v2\/media?parent=4282"}],"curies":[{"name":"wp","href":"https:\/\/api.w.org\/{rel}","templated":true}]}}