{"id":4310,"date":"2023-10-12T12:32:52","date_gmt":"2023-10-12T12:32:52","guid":{"rendered":"https:\/\/reseaupsy.cuco.dev\/missionen\/"},"modified":"2025-04-02T15:05:24","modified_gmt":"2025-04-02T13:05:24","slug":"missionen","status":"publish","type":"page","link":"https:\/\/reseaupsy.lu\/de\/missionen\/","title":{"rendered":"Missionen"},"content":{"rendered":"[vc_row type=&#8220;in_container&#8220; full_screen_row_position=&#8220;middle&#8220; column_margin=&#8220;default&#8220; column_direction=&#8220;default&#8220; column_direction_tablet=&#8220;default&#8220; column_direction_phone=&#8220;default&#8220; scene_position=&#8220;center&#8220; top_padding=&#8220;3%&#8220; text_color=&#8220;dark&#8220; text_align=&#8220;left&#8220; row_border_radius=&#8220;none&#8220; row_border_radius_applies=&#8220;bg&#8220; overflow=&#8220;visible&#8220; overlay_strength=&#8220;0.3&#8243; gradient_direction=&#8220;left_to_right&#8220; shape_divider_position=&#8220;bottom&#8220; bg_image_animation=&#8220;none&#8220; gradient_type=&#8220;default&#8220; shape_type=&#8220;&#8220;][vc_column column_padding=&#8220;no-extra-padding&#8220; column_padding_tablet=&#8220;inherit&#8220; column_padding_phone=&#8220;inherit&#8220; column_padding_position=&#8220;all&#8220; column_element_direction_desktop=&#8220;default&#8220; column_element_spacing=&#8220;default&#8220; desktop_text_alignment=&#8220;default&#8220; tablet_text_alignment=&#8220;default&#8220; phone_text_alignment=&#8220;default&#8220; background_color_opacity=&#8220;1&#8243; background_hover_color_opacity=&#8220;1&#8243; column_backdrop_filter=&#8220;none&#8220; column_shadow=&#8220;none&#8220; column_border_radius=&#8220;none&#8220; column_link_target=&#8220;_self&#8220; column_position=&#8220;default&#8220; gradient_direction=&#8220;left_to_right&#8220; overlay_strength=&#8220;0.3&#8243; width=&#8220;1\/1&#8243; tablet_width_inherit=&#8220;default&#8220; animation_type=&#8220;default&#8220; bg_image_animation=&#8220;none&#8220; border_type=&#8220;simple&#8220; column_border_width=&#8220;none&#8220; column_border_style=&#8220;solid&#8220;][nectar_highlighted_text text_color=&#8220;#000000&#8243; scribble_color=&#8220;#f8b03b&#8220; style=&#8220;scribble&#8220; scribble_shape=&#8220;basic-underline&#8220; scribble_thickness=&#8220;thick&#8220; scribble_speed=&#8220;1.3s&#8220; scribble_easing=&#8220;ease_in_out&#8220; custom_font_size=&#8220;4rem&#8220;]\n<h2><em>Aufgaben und Ziele<\/em><\/h2>\n[\/nectar_highlighted_text][\/vc_column][\/vc_row][vc_row type=&#8220;in_container&#8220; full_screen_row_position=&#8220;middle&#8220; column_margin=&#8220;default&#8220; column_direction=&#8220;default&#8220; column_direction_tablet=&#8220;default&#8220; column_direction_phone=&#8220;default&#8220; scene_position=&#8220;center&#8220; top_padding=&#8220;3%&#8220; bottom_padding=&#8220;7%&#8220; text_color=&#8220;dark&#8220; text_align=&#8220;left&#8220; row_border_radius=&#8220;none&#8220; row_border_radius_applies=&#8220;bg&#8220; overflow=&#8220;visible&#8220; overlay_strength=&#8220;0.3&#8243; gradient_direction=&#8220;left_to_right&#8220; shape_divider_position=&#8220;bottom&#8220; bg_image_animation=&#8220;none&#8220; gradient_type=&#8220;default&#8220; shape_type=&#8220;&#8220;][vc_column column_padding=&#8220;no-extra-padding&#8220; column_padding_tablet=&#8220;inherit&#8220; column_padding_phone=&#8220;inherit&#8220; column_padding_position=&#8220;all&#8220; column_element_direction_desktop=&#8220;default&#8220; column_element_spacing=&#8220;default&#8220; desktop_text_alignment=&#8220;default&#8220; tablet_text_alignment=&#8220;default&#8220; phone_text_alignment=&#8220;default&#8220; background_color_opacity=&#8220;1&#8243; background_hover_color_opacity=&#8220;1&#8243; column_backdrop_filter=&#8220;none&#8220; column_shadow=&#8220;none&#8220; column_border_radius=&#8220;none&#8220; column_link_target=&#8220;_self&#8220; column_position=&#8220;default&#8220; gradient_direction=&#8220;left_to_right&#8220; overlay_strength=&#8220;0.3&#8243; width=&#8220;1\/2&#8243; tablet_width_inherit=&#8220;default&#8220; animation_type=&#8220;default&#8220; bg_image_animation=&#8220;none&#8220; border_type=&#8220;simple&#8220; column_border_width=&#8220;none&#8220; column_border_style=&#8220;solid&#8220;][vc_column_text]\n<div class=\"text\">\n<p><strong>R\u00e9seau Psy &#8211; Psychesch H\u00ebllef Dobaussen ist ein gemeinn\u00fctziger Verein, der mit dem Gesundheitsministerium und der Nationalen Gesundheitskasse konventioniert ist und sich dem Modell der Sozialpsychiatrie verschrieben hat.<\/strong><\/p>\n<p>Die Aufgabe von R\u00e9seau Psy &#8211; Psychesch H\u00ebllef Dobaussen a.s.b.l., das zu den Strukturen der au\u00dferklinischen Psychiatrie geh\u00f6rt, besteht darin, Menschen mit einem psychiatrischen Problem medizinisch-psycho-soziale Hilfe anzubieten.<\/p>\n<p>Die Dienste von R\u00e9seau-Psy &#8211; Psychesch H\u00ebllef Dobaussen asbl k\u00f6nnen Ihnen Empfang, Zuh\u00f6ren, Hilfe, Unterst\u00fctzung und Begleitung bieten, die auf Ihre besondere Situation zugeschnitten sind, wobei Ihre Werte und pers\u00f6nlichen Entscheidungen respektiert werden. Unser multidisziplin\u00e4res Team besteht aus Psychiatern, Psychologen, Sozialarbeitern, Psychiatriepflegern, Ergotherapeuten, Empfangssekret\u00e4rinnen und Erziehern. <strong>Wir k\u00f6nnen Ihnen je nach Ihrem Antrag und Ihren Bed\u00fcrfnissen individuelle Hilfe anbieten.<\/strong> Je nach Ihrer Situation suchen wir gemeinsam mit Ihnen nach Wegen, um konstruktive Ver\u00e4nderungen herbeizuf\u00fchren, Ihre Selbstst\u00e4ndigkeit zu erh\u00f6hen, psychiatrische Erkrankungen besser zu verstehen und mit ihnen zu leben, R\u00fcckf\u00e4lle und Krankenhausaufenthalte zu verhindern und Ihre soziale Isolation zu verringern.<br \/>\u00dcbersetzt mit www.DeepL.com\/Translator (kostenlose Version)<\/p>\n<\/div>\n[\/vc_column_text][\/vc_column][vc_column column_padding=&#8220;no-extra-padding&#8220; column_padding_tablet=&#8220;inherit&#8220; column_padding_phone=&#8220;inherit&#8220; column_padding_position=&#8220;all&#8220; column_element_direction_desktop=&#8220;default&#8220; column_element_spacing=&#8220;default&#8220; desktop_text_alignment=&#8220;default&#8220; tablet_text_alignment=&#8220;default&#8220; phone_text_alignment=&#8220;default&#8220; background_color_opacity=&#8220;1&#8243; background_hover_color_opacity=&#8220;1&#8243; column_backdrop_filter=&#8220;none&#8220; column_shadow=&#8220;none&#8220; column_border_radius=&#8220;none&#8220; column_link_target=&#8220;_self&#8220; column_position=&#8220;default&#8220; gradient_direction=&#8220;left_to_right&#8220; overlay_strength=&#8220;0.3&#8243; width=&#8220;1\/2&#8243; tablet_width_inherit=&#8220;default&#8220; animation_type=&#8220;default&#8220; bg_image_animation=&#8220;none&#8220; border_type=&#8220;simple&#8220; column_border_width=&#8220;none&#8220; column_border_style=&#8220;solid&#8220;][vc_column_text]\n<div class=\"text\">\n<p><span style=\"color: #000000;\" data-mce-style=\"color: #000000;\"><strong>Zu unseren Zielen geh\u00f6rt es vor allem, Ihre Ressourcen und Kompetenzen sowie die Ihres Umfelds zu nutzen, um Ihnen bei der Bew\u00e4ltigung Ihrer Schwierigkeiten zu helfen und Ihre Lebensqualit\u00e4t zu steigern.<\/strong><\/span><\/p>\n<\/div>\n<p>Neben der psycho-medizinisch-sozialen Hilfe, die wir anbieten, ist es ein weiteres Ziel, durch Aufkl\u00e4rung und Sensibilisierung, durch den Austausch mit anderen Fachleuten wie auch mit der Zivilgesellschaft sowie durch Inklusion dazu beizutragen, das Stigma von psychiatrischen und psychischen Erkrankungen zu verringern. Das Bem\u00fchen um Vernetzung mit anderen Gesundheitsdiensten und anderen Fachleuten ist eine Selbstverst\u00e4ndlichkeit, um die Wirksamkeit der Sozialarbeit zu verbessern. Die Begleitung und Ausbildung von Studenten und Praktikanten im Gesundheitsbereich ist eine weitere, nicht weniger wichtige Aufgabe auf der Ebene der Entwicklung der Gesundheitsversorgung.<\/p>\n[\/vc_column_text][\/vc_column][\/vc_row]\n","protected":false},"excerpt":{"rendered":"<p>[vc_row type=&#8220;in_container&#8220; full_screen_row_position=&#8220;middle&#8220; column_margin=&#8220;default&#8220; column_direction=&#8220;default&#8220; column_direction_tablet=&#8220;default&#8220; column_direction_phone=&#8220;default&#8220; scene_position=&#8220;center&#8220; top_padding=&#8220;3%&#8220; text_color=&#8220;dark&#8220; text_align=&#8220;left&#8220; row_border_radius=&#8220;none&#8220; row_border_radius_applies=&#8220;bg&#8220; overflow=&#8220;visible&#8220; overlay_strength=&#8220;0.3&#8243; gradient_direction=&#8220;left_to_right&#8220; shape_divider_position=&#8220;bottom&#8220; bg_image_animation=&#8220;none&#8220; gradient_type=&#8220;default&#8220; shape_type=&#8220;&#8220;][vc_column column_padding=&#8220;no-extra-padding&#8220; column_padding_tablet=&#8220;inherit&#8220; column_padding_phone=&#8220;inherit&#8220; column_padding_position=&#8220;all&#8220; column_element_direction_desktop=&#8220;default&#8220; column_element_spacing=&#8220;default&#8220; desktop_text_alignment=&#8220;default&#8220; tablet_text_alignment=&#8220;default&#8220; phone_text_alignment=&#8220;default&#8220; background_color_opacity=&#8220;1&#8243;&#8230;<\/p>\n","protected":false},"author":1,"featured_media":0,"parent":0,"menu_order":0,"comment_status":"closed","ping_status":"closed","template":"","meta":{"_acf_changed":false,"inline_featured_image":false,"footnotes":""},"class_list":["post-4310","page","type-page","status-publish"],"acf":[],"_links":{"self":[{"href":"https:\/\/reseaupsy.lu\/de\/wp-json\/wp\/v2\/pages\/4310","targetHints":{"allow":["GET"]}}],"collection":[{"href":"https:\/\/reseaupsy.lu\/de\/wp-json\/wp\/v2\/pages"}],"about":[{"href":"https:\/\/reseaupsy.lu\/de\/wp-json\/wp\/v2\/types\/page"}],"author":[{"embeddable":true,"href":"https:\/\/reseaupsy.lu\/de\/wp-json\/wp\/v2\/users\/1"}],"replies":[{"embeddable":true,"href":"https:\/\/reseaupsy.lu\/de\/wp-json\/wp\/v2\/comments?post=4310"}],"version-history":[{"count":7,"href":"https:\/\/reseaupsy.lu\/de\/wp-json\/wp\/v2\/pages\/4310\/revisions"}],"predecessor-version":[{"id":5397,"href":"https:\/\/reseaupsy.lu\/de\/wp-json\/wp\/v2\/pages\/4310\/revisions\/5397"}],"wp:attachment":[{"href":"https:\/\/reseaupsy.lu\/de\/wp-json\/wp\/v2\/media?parent=4310"}],"curies":[{"name":"wp","href":"https:\/\/api.w.org\/{rel}","templated":true}]}}