{"id":4651,"date":"2023-07-25T18:43:19","date_gmt":"2023-07-25T18:43:19","guid":{"rendered":"https:\/\/reseaupsy.cuco.dev\/datenschutzrichtlinie\/"},"modified":"2025-04-03T11:04:20","modified_gmt":"2025-04-03T09:04:20","slug":"datenschutzrichtlinie","status":"publish","type":"page","link":"https:\/\/reseaupsy.lu\/de\/datenschutzrichtlinie\/","title":{"rendered":"Datenschutzrichtlinie"},"content":{"rendered":"[vc_row type=&#8220;in_container&#8220; full_screen_row_position=&#8220;middle&#8220; column_margin=&#8220;default&#8220; column_direction=&#8220;default&#8220; column_direction_tablet=&#8220;default&#8220; column_direction_phone=&#8220;default&#8220; scene_position=&#8220;center&#8220; text_color=&#8220;dark&#8220; text_align=&#8220;left&#8220; row_border_radius=&#8220;none&#8220; row_border_radius_applies=&#8220;bg&#8220; overflow=&#8220;visible&#8220; overlay_strength=&#8220;0.3&#8243; gradient_direction=&#8220;left_to_right&#8220; shape_divider_position=&#8220;bottom&#8220; bg_image_animation=&#8220;none&#8220;][vc_column column_padding=&#8220;no-extra-padding&#8220; column_padding_tablet=&#8220;inherit&#8220; column_padding_phone=&#8220;inherit&#8220; column_padding_position=&#8220;all&#8220; column_element_direction_desktop=&#8220;default&#8220; column_element_spacing=&#8220;default&#8220; desktop_text_alignment=&#8220;default&#8220; tablet_text_alignment=&#8220;default&#8220; phone_text_alignment=&#8220;default&#8220; background_color_opacity=&#8220;1&#8243; background_hover_color_opacity=&#8220;1&#8243; column_backdrop_filter=&#8220;none&#8220; column_shadow=&#8220;none&#8220; column_border_radius=&#8220;none&#8220; column_link_target=&#8220;_self&#8220; column_position=&#8220;default&#8220; gradient_direction=&#8220;left_to_right&#8220; overlay_strength=&#8220;0.3&#8243; width=&#8220;1\/1&#8243; tablet_width_inherit=&#8220;default&#8220; animation_type=&#8220;default&#8220; bg_image_animation=&#8220;none&#8220; border_type=&#8220;simple&#8220; column_border_width=&#8220;none&#8220; column_border_style=&#8220;solid&#8220;][vc_column_text]\n<p><strong>Datenschutzrichtlinie<\/strong><\/p>\n<p>Wir verarbeiten Ihre personenbezogenen Daten (im Folgenden meist als &#8222;Daten&#8220; bezeichnet) nur, soweit dies erforderlich ist und um eine funktionale und nutzerfreundliche Website anzubieten, insbesondere in Bezug auf ihren Inhalt und die angebotenen Dienstleistungen.<\/p>\n<p>Gem\u00e4\u00df Art. 4 Abs. 1 der Verordnung (EU) 2016\/679 entspricht die Datenschutz-Grundverordnung (im Folgenden &#8222;DSGVO&#8220;) jedem mit oder ohne automatisierte Verfahren ausgef\u00fchrten Vorgang oder jeder Vorgangsreihe, der\/die auf personenbezogene Daten oder Datens\u00e4tze angewendet wird, wie das Erheben, das Speichern, die Organisation, die Strukturierung, die Aufbewahrung, die Anpassung oder Ver\u00e4nderung, das Lesen, das Abfragen, die Verwendung, die Weitergabe durch \u00dcbermittlung, Verbreitung oder ein anderes Mittel, das eine Verkn\u00fcpfung oder einen Abgleich erm\u00f6glicht, die Einschr\u00e4nkung, das L\u00f6schen oder die Vernichtung.<\/p>\n<p>In unserer Datenschutzrichtlinie erhalten Sie in erster Linie Informationen \u00fcber die Art, den Umfang, den Zweck, die Dauer und die Rechtsgrundlage der Verarbeitung personenbezogener Daten, soweit wir allein oder gemeinsam mit anderen Partnern \u00fcber die Zwecke und Mittel der Verarbeitung entscheiden. Wir informieren Sie auch \u00fcber dritte Partner, mit denen wir zum Zwecke der Optimierung und Steigerung der Nutzungsqualit\u00e4t zusammenarbeiten, wenn diese die Daten in eigener Verantwortung verarbeiten.<\/p>\n<p>Unsere Datenschutzrichtlinie ist wie folgt strukturiert:<\/p>\n<ol>\n<li>Informationen \u00fcber uns als Verantwortliche<br \/>II. Rechte des Nutzers und der betroffenen Parteien<br \/>III. Informationen zur Datenverarbeitung<\/li>\n<li>Informationen \u00fcber uns als Verantwortliche<\/li>\n<\/ol>\n<p>Im Sinne des Datenschutzes ist der verantwortliche Anbieter dieser Website :<\/p>\n<p>RESEAU PSY \u2013 PSYCHESCH H\u00cbLLEF DOBAUSSEN a.s.b.l.<\/p>\n<p>8, rue Pierre Claude<br \/>L-4063 Esch-sur-Alzette<br \/>E-Mail: <a href=\"&#x6d;&#97;i&#x6c;&#x74;&#111;:&#x6f;&#x70;&#112;e&#x6e;&#x64;&#105;r&#x40;&#x72;&#101;s&#x65;&#97;&#117;p&#x73;&#121;&#46;&#x6c;&#x75;\" data-mce-href=\"&#x6d;&#97;i&#x6c;&#x74;&#111;:&#x6f;&#x70;&#112;e&#x6e;&#100;i&#x72;&#x40;&#114;e&#x73;&#x65;&#97;u&#x70;&#115;&#121;&#x2e;&#x6c;&#117;\">&#x6f;&#x70;&#112;e&#x6e;&#x64;&#x69;&#114;&#64;&#x72;&#x65;&#x73;&#101;a&#x75;&#x70;&#x73;&#121;&#46;&#x6c;&#x75;<\/a><\/p>\n<p>Der Datenschutzbeauftragte des Anbieters ist :<\/p>\n<p>LUXGAP S.\u00e0.r.l.<br \/>2 Rue de l\u2019\u00c9cole<br \/>8376 Kahler Garnich, Luxembourg<br \/><a href=\"&#x6d;&#97;i&#x6c;&#116;o&#x3a;&#100;p&#x6f;&#64;r&#x65;&#115;e&#x61;&#x75;p&#x73;&#x79;&#46;&#x6c;&#x75;\" data-mce-href=\"&#109;&#x61;i&#x6c;&#x74;&#111;&#x3a;d&#112;&#x6f;&#64;&#x72;e&#115;&#x65;a&#x75;p&#115;&#x79;&#46;&#x6c;&#x75;\">&#x64;&#112;o&#x40;&#114;e&#x73;&#x65;&#97;&#x75;&#x70;&#115;y&#x2e;&#108;u<\/a><\/p>\n<p><\/p>\n<ol>\n<li><strong>Rechte des Nutzers und der betroffenen Parteien<\/strong><\/li>\n<\/ol>\n<p>In Bezug auf die unten n\u00e4her beschriebene Datenverarbeitung haben Nutzer und betroffene Personen das Recht :<\/p>\n<ul>\n<li>Eine Best\u00e4tigung zu erhalten, dass Daten verarbeitet werden, zu erfahren, welche Arten von Daten verarbeitet werden, weitere Informationen \u00fcber die Datenverarbeitung und Kopien der Daten zu erhalten (siehe auch Art. 15 DSGVO) ;<\/li>\n<li>Falsche oder unvollst\u00e4ndige Daten korrigieren oder vervollst\u00e4ndigen zu k\u00f6nnen (siehe Art. 16 DSGVO) ;<\/li>\n<li>Ihre Daten sofort l\u00f6schen zu k\u00f6nnen (siehe auch Art. 17 DSGVO), oder zu erfahren, ob eine weitere Verarbeitung gem\u00e4\u00df Art. 17 Abs. 3 DSGVO erforderlich ist. Die Verarbeitung einschr\u00e4nken zu k\u00f6nnen, gem\u00e4\u00df Art. 18 DSGVO;<\/li>\n<li>Zu erfahren, welche Daten sie \u00fcber sich selbst bereitgestellt haben und ob diese Daten an andere Anbieter\/Beh\u00f6rden weitergegeben wurden (siehe auch Art. 20 DSGVO) ;<\/li>\n<li>Eine Beschwerde bei der Aufsichtsbeh\u00f6rde einzureichen, wenn sie der Meinung sind, dass der Anbieter gegen die Datenschutzbestimmungen verst\u00f6\u00dft (siehe auch Art. 77 DSGVO).<\/li>\n<\/ul>\n<p>Dar\u00fcber hinaus ist der Anbieter gem\u00e4\u00df Art. 16, 17 Abs. 1, 18 DSGVO verpflichtet, alle Empf\u00e4nger, gegen\u00fcber denen die Daten offengelegt wurden, \u00fcber jede \u00c4nderung, L\u00f6schung von Daten oder Einschr\u00e4nkung der Verarbeitung zu informieren. Diese Pflicht gilt jedoch nicht, wenn sich die Bereitstellung der Informationen als unm\u00f6glich erweist oder einen unverh\u00e4ltnism\u00e4\u00dfigen Aufwand erfordert. Der Nutzer hat dennoch das Recht, Informationen \u00fcber diese Empf\u00e4nger zu erhalten.<\/p>\n<p><strong>Ebenso k\u00f6nnen Nutzer und betroffene Personen gem\u00e4\u00df Art. 21 DSGVO der weiteren Verarbeitung ihrer Daten widersprechen, wenn die Daten vom Anbieter gem\u00e4\u00df Art. 6 Abs. 1 lit. f DSGVO verarbeitet werden. Insbesondere ist es zul\u00e4ssig, der Verarbeitung der Daten zum Zwecke der Direktwerbung zu widersprechen.<\/strong><\/p>\n<p><strong>III. Informationen zur Datenverarbeitung<\/strong><\/p>\n<p>Ihre Daten, die bei der Nutzung unserer Website verarbeitet werden, werden gel\u00f6scht oder gesperrt, sobald der Grund f\u00fcr die Speicherung entf\u00e4llt, die L\u00f6schung nicht mit den gesetzlichen Aufbewahrungspflichten kollidiert. Es werden keine weiteren Informationen \u00fcber die einzelnen Verarbeitungsmethoden bereitgestellt.<\/p>\n<p>Cookie Manager<\/p>\n<p>Um die Zustimmung zur Verwendung von technisch nicht notwendigen Cookies auf der Website zu erhalten, verwendet der Anbieter einen Cookie-Manager.<\/p>\n<p>Beim \u00d6ffnen der Website wird ein Cookie mit den Einstellungsinformationen auf dem Endger\u00e4t des Nutzers abgelegt, so dass bei einem sp\u00e4teren Besuch keine Zustimmung eingeholt werden muss.<\/p>\n<p>Das Cookie ist notwendig, um eine gesetzeskonforme Zustimmung des Nutzers zu erhalten.<\/p>\n<p>Der Nutzer kann die Installation von Cookies jederzeit durch eine entsprechende Einstellung seines Browsers verhindern bzw. beenden.<\/p>\n<p>Cookies<\/p>\n<ol>\n<li><strong>a) Cookies der Sitzung<\/strong><\/li>\n<\/ol>\n<p>Wir verwenden auf unserer Website Cookies. Cookies sind kleine Textdateien oder andere Speichertechnologien, die von dem Browser, den Sie verwenden, auf Ihrem Ger\u00e4t abgelegt und gespeichert werden. Diese Cookies verarbeiten bestimmte Informationen \u00fcber Sie, wie z. B. Ihren Browser, Ihren Standort oder Ihre IP-Adresse.<\/p>\n<p>Diese Verarbeitung macht unsere Website benutzerfreundlicher, effizienter und sicherer, da sie uns z. B. erm\u00f6glicht, unsere Website in verschiedenen Sprachen wiederzugeben oder eine Warenkorbfunktion anzubieten.<\/p>\n<p>Die Rechtsgrundlage f\u00fcr diese Verarbeitung ist Art. 6 Abs. 1 Buchstabe b.) DSGVO, da diese Cookies f\u00fcr die Verarbeitung oder Erf\u00fcllung des Vertrags verwendet werden.<\/p>\n<p>Wenn die Datenverarbeitung nicht der Bearbeitung oder Erf\u00fcllung des Vertrags dient, liegt unser berechtigtes Interesse in der Verbesserung der Funktionalit\u00e4t unserer Website. Die Rechtsgrundlage ist dann Art. 6 Abs. 1 Buchst. f DSGVO.<\/p>\n<p>Wenn Sie Ihren Browser schlie\u00dfen, werden die Cookies gel\u00f6scht.<\/p>\n<ol>\n<li><strong>b) Cookies von Drittanbietern<\/strong><\/li>\n<\/ol>\n<p>Unsere Seite verwendet ggf. auch Cookies von Partnerunternehmen, mit denen wir zu Werbe- und Analysezwecken oder f\u00fcr den Betrieb unserer Seite zusammenarbeiten.<\/p>\n<p>Wenn Sie weitere Informationen w\u00fcnschen, insbesondere \u00fcber die Zwecke und Rechtsgrundlagen der Verarbeitung dieser Cookies von Drittanbietern, lesen Sie bitte die unten stehenden Informationen.<\/p>\n<ol>\n<li><strong>c) Ma\u00dfnahmen zur Entfernung<\/strong><\/li>\n<\/ol>\n<p>Es ist m\u00f6glich, die Installation von Cookies zu verhindern oder einzuschr\u00e4nken, indem Sie Ihren Browser entsprechend einstellen. Es ist auch m\u00f6glich, zuvor gespeicherte Cookies jederzeit zu l\u00f6schen. Die erforderlichen Schritte und Ma\u00dfnahmen h\u00e4ngen jedoch von Ihrem Browser ab. Wenn Sie Fragen haben, nutzen Sie die Hilfefunktion oder die Dokumentation Ihres Browsers oder wenden Sie sich an den Hersteller oder den Support. Bei Flash-Cookies ist es jedoch nicht m\u00f6glich, die Verarbeitung durch eine entsprechende Einstellung Ihres Browsers zu verhindern. In diesem Fall m\u00fcssen Sie die Einstellungen Ihres Flash-Players \u00e4ndern. Die erforderlichen Schritte und Ma\u00dfnahmen h\u00e4ngen jedoch von Ihrem Flash-Player ab. Wenn Sie Fragen haben, nutzen Sie die Hilfefunktion oder die Dokumentation Ihres Flash-Players, oder wenden Sie sich an den Hersteller oder den Support.<\/p>\n<p>Wenn Sie die Installation von Cookies verhindern oder einschr\u00e4nken, k\u00f6nnen Sie m\u00f6glicherweise nicht alle Funktionen unserer Website in vollem Umfang nutzen.<\/p>\n<p><strong>Anfragen\/Kontaktm\u00f6glichkeiten<\/strong><\/p>\n<p>Wenn Sie uns \u00fcber ein Kontaktformular oder per E-Mail kontaktieren, werden die von Ihnen angegebenen Daten zur Bearbeitung Ihrer Anfrage verwendet. Die Bereitstellung dieser Daten ist notwendig, um Ihre Anfrage zu bearbeiten und zu beantworten: Wenn Sie diese Daten nicht bereitstellen, k\u00f6nnen wir Ihre Anfrage nicht beantworten oder werden sie bestenfalls im Rahmen des M\u00f6glichen beantworten. Die Rechtsgrundlage f\u00fcr diese Verarbeitung ist Art. 6 Abs. 1 Buchst. b DSGVO. Ihre Daten werden anschlie\u00dfend gel\u00f6scht, sofern wir Ihre Anfrage beantwortet haben und die L\u00f6schung nicht gegen gesetzliche Aufbewahrungspflichten verst\u00f6\u00dft, z. B. um einen Vertrag zu einem sp\u00e4teren Zeitpunkt zu erf\u00fcllen.<\/p>\n<p><strong>Sich online auf eine Stelle bewerben\/Stellenangebote ver\u00f6ffentlichen<\/strong><\/p>\n<p>Wir bieten Ihnen die M\u00f6glichkeit, sich \u00fcber unsere Website auf eine Stelle zu bewerben. Wenn Sie sich digital bewerben, erheben und verarbeiten wir elektronisch Daten \u00fcber Ihre Bewerbung und Ihren Antrag.<\/p>\n<p>Die Rechtsgrundlage f\u00fcr diese Verarbeitung ist \u00a7 26 Abs. 1, Regel 1 BDSG oder Art. 88 Abs. 1 DSGVO.<\/p>\n<p>Wenn wir im Anschluss an das Bewerbungsverfahren einen Arbeitsvertrag abschlie\u00dfen, speichern wir die in der Bewerbung angegebenen Daten in Ihrer Personalakte, um die normalen organisatorischen und administrativen Verfahren einzuhalten. Dabei ber\u00fccksichtigen wir selbstverst\u00e4ndlich zus\u00e4tzliche gesetzliche Verpflichtungen.<\/p>\n<p>Die Rechtsgrundlage f\u00fcr diese Verarbeitung ist auch \u00a7 26 Abs. 1 Regel 1 BDSG oder Art. 88 Abs. 1 DSGVO.<\/p>\n<p>Bei der Ablehnung einer Bewerbung l\u00f6schen wir die eingereichten Daten automatisch zwei Monate, nachdem wir die Ablehnung mitgeteilt haben. Die L\u00f6schung erfolgt jedoch nicht, wenn die Daten aufgrund gesetzlicher Bestimmungen (z. B. durch das AGG auferlegte Beweispflicht) eine l\u00e4ngere Speicherdauer von bis zu vier Monaten oder bis zum Abschluss eines Gerichtsverfahrens erfordern.<\/p>\n<p>Die Rechtsgrundlage ist dann Art. 6 Abs. 1 Buchst. f DSGVO und \u00a7 24 Abs. 1 Regel 2 BDSG. Unser berechtigtes Interesse liegt in der Notwendigkeit, uns rechtlich zu verteidigen und die Gesetze durchzusetzen.<\/p>\n<p>Wenn Sie ausdr\u00fccklich einer l\u00e4ngeren Speicherung Ihrer Daten zustimmen, z. B. um in eine Datenbank von Bewerbern oder Interessenten aufgenommen zu werden, werden Ihre Daten dann auf der Grundlage Ihrer Einwilligung verarbeitet. Die Rechtsgrundlage ist dann Art. 6 Abs. 1 Buchst. a DSGVO. Selbstverst\u00e4ndlich k\u00f6nnen Sie Ihre Einwilligung jederzeit widerrufen, wenn Sie dies w\u00fcnschen, gem\u00e4\u00df Art. 7 Abs. 3 DSGVO. Die Wirkung eines solchen Widerrufs ist nicht r\u00fcckwirkend.<\/p>\n<p><strong>Serverdaten<\/strong><\/p>\n<p>Aus technischen Gr\u00fcnden, insbesondere um die Sicherheit und Stabilit\u00e4t der Website zu gew\u00e4hrleisten, werden die Daten \u00fcber Ihren Internetbrowser an uns \u00fcbermittelt oder an unseren Webspace-Provider weitergeleitet. Die Server-Logfiles erheben: Typ und Version Ihres Internetbrowsers, Ihr Betriebssystem, die Website, von der aus Sie auf unsere Website gelangt sind (Referrer URL), die Seite(n) unserer Website, die Sie besuchen, das Datum und die Uhrzeit des Zugriffs und schlie\u00dflich die IP-Adresse des Internetanschlusses, von dem aus die Nutzung unserer Website erfolgte.<\/p>\n<p>Diese gesammelten Daten werden vor\u00fcbergehend gespeichert, aber nicht mit anderen Daten \u00fcber Sie geteilt.<\/p>\n<p>Diese Speicherung erfolgt gem\u00e4\u00df Art. 6 Abs. 1 Buchst. f DSGVO. Unser Interesse ist berechtigt, da diese Daten an der Verbesserung, Stabilit\u00e4t, Funktionalit\u00e4t und Sicherheit unserer Website beteiligt sind.<\/p>\n<p>Die Daten werden sp\u00e4testens nach sieben Tagen gel\u00f6scht, es sei denn, wir m\u00fcssen sie zu Beweiszwecken l\u00e4nger aufbewahren. In diesem Fall werden die Daten ganz oder teilweise bis zur endg\u00fcltigen L\u00f6sung des Problems aufbewahrt.<\/p>\n<p><strong>Facebook<\/strong><\/p>\n<p>Facebook Ireland Limited, 4 Grand Canal Square, Dublin 2, Irland, eine Tochtergesellschaft von Facebook Inc., 1601 S. California Avenue, Palo Alto, CA 94304, USA.<\/p>\n<p>Richtlinien zur Datennutzung: <a href=\"https:\/\/www.facebook.com\/policy.php\" data-mce-href=\"https:\/\/www.facebook.com\/policy.php\">https:\/\/www.facebook.com\/policy.php<\/a><\/p>\n<p><strong>YouTube<\/strong><\/p>\n<p>Wir haben eine Online-Pr\u00e4senz auf Youtube, um unser Unternehmen und unsere Leistungen zu pr\u00e4sentieren und mit Kunden\/Interessenten zu kommunizieren. YouTube ist ein Dienst der Firma Google Ireland Limited, Gordon House, Barrow Street, Dublin 4, Irland, einer Tochtergesellschaft von Google LLC, 1600 Amphitheatre Parkway, Mountain View, CA 94043, USA.<\/p>\n<p>In diesem Zusammenhang weisen wir darauf hin, dass bestimmte Nutzerdaten m\u00f6glicherweise au\u00dferhalb der Europ\u00e4ischen Union, insbesondere in den USA, verarbeitet werden. Dies kann zu erh\u00f6hten Risiken f\u00fcr den Nutzer f\u00fchren, da ein sp\u00e4terer Zugriff auf seine Nutzerdaten komplizierter sein k\u00f6nnte. Auch wir haben keinen Zugriff auf diese Nutzerdaten. Der Zugriff auf diese Daten ist ausschlie\u00dflich YouTube vorbehalten.<\/p>\n<p>Die Datenschutzrichtlinien von Youtube finden Sie unter :<\/p>\n<p><a href=\"https:\/\/policies.google.com\/privacy\" data-mce-href=\"https:\/\/policies.google.com\/privacy\">https:\/\/policies.google.com\/privacy<\/a><\/p>\n<p><strong>YouTube<\/strong><\/p>\n<p>Google Ireland Limited, Gordon House, Barrow Street, Dublin 4, Irland, ein Tochterunternehmen der Google LLC, 1600 Amphitheatre Parkway, Mountain View, CA 94043 USA<\/p>\n<p>Richtlinien zur Datennutzung: <a href=\"https:\/\/policies.google.com\/privacy\" data-mce-href=\"https:\/\/policies.google.com\/privacy\">https:\/\/policies.google.com\/privacy<\/a><\/p>\n<p><strong>Adobe Typekit<\/strong><\/p>\n<p>F\u00fcr die Darstellung des Schriftdesigns werden externe Schriftarten von &#8222;Adobe Typekit&#8220;, einem Dienst von Adobe Systems Software Ireland Limited, 4-6 Riverwalk, Citywest Business Campus, Dublin 24 Republic of Ireland, nachfolgend &#8222;Adobe&#8220; genannt, verwendet.<\/p>\n<p>Beim Aufruf der Website des Anbieters wird eine Verbindung zum Adobe-Server hergestellt, damit die Schrift angezeigt oder aktualisiert werden kann. In diesem Zusammenhang k\u00f6nnen Daten an Server in den USA \u00fcbertragen werden.<\/p>\n<p>_____________________<\/p>\n<p>Die Datenschutzaufsichtsbeh\u00f6rden sind jedoch der Ansicht, dass die USA derzeit kein angemessenes Datenschutzniveau haben.<\/p>\n<p><a href=\"https:\/\/www.adobe.com\/de\/privacy\/eudatatransfers.html\" data-mce-href=\"https:\/\/www.adobe.com\/de\/privacy\/eudatatransfers.html\"><strong>https:\/\/www.adobe.com\/de\/privacy\/eudatatransfers.html<\/strong><\/a><\/p>\n<p>Es handelt sich dabei jedoch um privatrechtliche Vereinbarungen und hat daher keine direkten Auswirkungen auf den Zugang von Beh\u00f6rden in den USA.<\/p>\n<p>_____________________<\/p>\n<p>Die Rechtsgrundlage ist Art. 6 Abs. 1 Buchst. f DSGVO. Das berechtigte Interesse des Anbieters liegt in der Optimierung und dem wirtschaftlichen Betrieb der Website.<\/p>\n<p>Anhand dieser Verbindung kann Adobe erkennen, von welcher Website eine Anfrage gesendet wird und an welche IP-Adresse die Darstellung der Handschrift \u00fcbermittelt wird.<\/p>\n<p>Adobe bietet weitere Informationen, insbesondere zu den M\u00f6glichkeiten, die Datennutzung zu verhindern, unter den folgenden Links an:<\/p>\n<p><a href=\"https:\/\/www.adobe.com\/de\/privacy.html\" data-mce-href=\"https:\/\/www.adobe.com\/de\/privacy.html\">https:\/\/www.adobe.com\/de\/privacy.html<\/a><\/p>\n<p><a href=\"https:\/\/www.adobe.com\/de\/privacy\/policies\/adobe-fonts.html\" data-mce-href=\"https:\/\/www.adobe.com\/de\/privacy\/policies\/adobe-fonts.html\">https:\/\/www.adobe.com\/de\/privacy\/policies\/adobe-fonts.html<\/a><\/p>\n<p><strong>Google Fonts<\/strong><\/p>\n<p>Wir verwenden Google Fonts, um externe Schriftarten auf unserer Website anzuzeigen. Google Maps ist ein Dienst von Google Ireland Limited, Gordon House, Barrow Street, Dublin 4, Irland, im Folgenden &#8222;Google&#8220; genannt.<\/p>\n<p>Um eine grafische Darstellung bestimmter Texte anbieten zu k\u00f6nnen, wird eine Verbindung zu einem Server von Google in den USA hergestellt, wenn Sie unsere Seite besuchen.<\/p>\n<p>Die Rechtsgrundlage ist Art. 6 Abs. 1 Buchst. f DSGVO. Unser berechtigtes Interesse liegt in der Optimierung und einem kosteneffizienten Betrieb unserer Website.<\/p>\n<p>Durch die beim Aufruf unserer Website hergestellte Verbindung mit Google kann Google feststellen, von welcher Website aus Ihre Anfrage gesendet wurde und an welche IP-Adresse die Darstellung der Schrift \u00fcbermittelt werden soll.<\/p>\n<p>Google bietet zus\u00e4tzliche Informationen an Adressen :<\/p>\n<p><a href=\"https:\/\/adssettings.google.com\/authenticated\" data-mce-href=\"https:\/\/adssettings.google.com\/authenticated\">https:\/\/adssettings.google.com\/authenticated<\/a><\/p>\n<p><a href=\"https:\/\/policies.google.com\/privacy\" data-mce-href=\"https:\/\/policies.google.com\/privacy\">https:\/\/policies.google.com\/privacy<\/a><\/p>\n<p>insbesondere \u00fcber die M\u00f6glichkeiten, die Nutzung von Daten zu verhindern.<\/p>\n<p><strong>OpenStreetMap<\/strong><\/p>\n<p>F\u00fcr Anfahrtsskizzen verwenden wir OpenStreetMap, einen Dienst der OpenStreetMap Foundation, St John&#8217;s Innovation Centre, Cowley Road, Cambridge, CB 4 0 WS, Gro\u00dfbritannien, im Folgenden &#8222;OpenStreetMap&#8220; genannt.<\/p>\n<p>Wenn Sie eine unserer Internetseiten besuchen, in die der OpenStreetMap-Dienst integriert ist, speichert dieser \u00fcber Ihren Browser ein Cookie auf Ihrem Ger\u00e4t. Ihre Benutzereinstellungen und Benutzerdaten werden dann zum Zweck der Anzeige der Seite oder zur Gew\u00e4hrleistung der Funktionalit\u00e4t des OpenStreetMap-Dienstes verarbeitet. Durch diese Verarbeitung kann OpenStreetMap erkennen, von welcher Seite aus Ihre Anfrage gesendet wurde und an welche IP-Adresse die Anfahrtsskizze \u00fcbermittelt werden soll.<\/p>\n<p>F\u00fcr jede Einwilligung, die Sie zu dieser Verarbeitung erteilen, ist die Rechtsgrundlage Art. 6 Abs. 1 lit. a DSGVO. Die Rechtsgrundlage kann auch Art. 6 Abs. 1 Buchstabe f DSGVO sein. Unser berechtigtes Interesse liegt in der Optimierung und einem kosteneffizienten Betrieb unserer Website.<\/p>\n<p>Wenn Sie diese Verarbeitung nicht w\u00fcnschen, k\u00f6nnen Sie die Installation von Cookies durch eine entsprechende Einstellung Ihres Internetbrowsers verhindern. Informationen dazu finden Sie unter der Rubrik &#8222;Cookies&#8220;.<\/p>\n<p>OpenStreetMap stellt unter der Adresse :<\/p>\n<p><a href=\"https:\/\/wiki.osmfoundation.org\/wiki\/Privacy_Policy\" data-mce-href=\"https:\/\/wiki.osmfoundation.org\/wiki\/Privacy_Policy\">https:\/\/wiki.osmfoundation.org\/wiki\/Privacy_Policy<\/a><\/p>\n<p>weitere Informationen \u00fcber die Erhebung und Nutzung von Daten, Ihre Rechte und die M\u00f6glichkeiten, Ihre Privatsph\u00e4re zu sch\u00fctzen.<\/p>\n<p><strong>YouTube<\/strong><\/p>\n<p>Wir verwenden YouTube auf unserer Website. Wir beziehen uns hierbei auf ein Videoportal von Google Ireland Limited, Gordon House, Barrow Street, Dublin 4, Irland, im Folgenden &#8222;YouTube&#8220; genannt.<\/p>\n<p>Um Ihnen Videos anbieten zu k\u00f6nnen, verwenden wir YouTube und die Funktion &#8222;Erweiterter Datenschutzmodus&#8220;. F\u00fcr jede Einwilligung, die Sie zu dieser Verarbeitung erteilen, ist die Rechtsgrundlage Art. 6 Abs. 1 lit. a DSGVO. Die Rechtsgrundlage kann auch Art. 6 Abs. 1 Buchstabe f DSGVO sein. Unser berechtigtes Interesse liegt in der Verbesserung der Qualit\u00e4t unserer Website. Die Funktion des &#8222;verst\u00e4rkten Datenschutzmodus&#8220; bedeutet laut YouTube, dass die unten aufgef\u00fchrten Daten nicht an den YouTube-Server \u00fcbermittelt werden, es sei denn, Sie spielen ein Video tats\u00e4chlich ab.<\/p>\n<p>Ohne diesen &#8222;erweiterten Datenschutz&#8220; w\u00fcrden Sie mit dem YouTube-Server in den USA verbunden, sobald Sie eine unserer Seiten besuchen, die ein YouTube-Video enth\u00e4lt.<\/p>\n<p>Diese Verbindung ist notwendig, um das entsprechende Video auf unserer Seite \u00fcber Ihren Internetbrowser anzeigen zu k\u00f6nnen. Zu diesem Zweck erhebt und verarbeitet YouTube mindestens Ihre IP-Adresse, Datum und Uhrzeit sowie die Seite, die Sie aufrufen. Au\u00dferdem wird eine Verbindung zum Werbenetzwerk &#8222;DoubleClick&#8220; von Google hergestellt.<\/p>\n<p>Wenn Sie gleichzeitig bei YouTube angemeldet sind, stellt YouTube die Anmeldeinformationen f\u00fcr Ihr YouTube-Konto zur Verf\u00fcgung. Wenn Sie dies verhindern m\u00f6chten, m\u00fcssen Sie sich entweder vor dem Besuch unserer Website bei YouTube abmelden oder die entsprechenden Einstellungen in Ihrem YouTube-Benutzerkonto vornehmen.<\/p>\n<p>Aus Gr\u00fcnden der Funktionalit\u00e4t und zur Analyse des Nutzungsverhaltens speichert YouTube \u00fcber Ihren Internetbrowser auf Ihrem Ger\u00e4t dauerhaft Cookies. Wenn Sie diese Verarbeitung nicht w\u00fcnschen, k\u00f6nnen Sie das Speichern von Cookies durch eine entsprechende Einstellung Ihres Internetbrowsers verhindern. Weitere Informationen finden Sie oben unter &#8222;Cookies&#8220;.<\/p>\n<p>Weitere Informationen \u00fcber die Erhebung und Nutzung von Daten sowie \u00fcber Ihre Rechte und Schutzm\u00f6glichkeiten finden Sie in der Datenschutzrichtlinie von Google unter :<\/p>\n<p><a href=\"https:\/\/policies.google.com\/privacy\" data-mce-href=\"https:\/\/policies.google.com\/privacy\">https:\/\/policies.google.com\/privacy<\/a><\/p>\n[\/vc_column_text][\/vc_column][\/vc_row]\n","protected":false},"excerpt":{"rendered":"<p>[vc_row type=&#8220;in_container&#8220; full_screen_row_position=&#8220;middle&#8220; column_margin=&#8220;default&#8220; column_direction=&#8220;default&#8220; column_direction_tablet=&#8220;default&#8220; column_direction_phone=&#8220;default&#8220; scene_position=&#8220;center&#8220; text_color=&#8220;dark&#8220; text_align=&#8220;left&#8220; row_border_radius=&#8220;none&#8220; row_border_radius_applies=&#8220;bg&#8220; overflow=&#8220;visible&#8220; overlay_strength=&#8220;0.3&#8243; gradient_direction=&#8220;left_to_right&#8220; shape_divider_position=&#8220;bottom&#8220; bg_image_animation=&#8220;none&#8220;][vc_column column_padding=&#8220;no-extra-padding&#8220; column_padding_tablet=&#8220;inherit&#8220; column_padding_phone=&#8220;inherit&#8220; column_padding_position=&#8220;all&#8220; column_element_direction_desktop=&#8220;default&#8220; column_element_spacing=&#8220;default&#8220; desktop_text_alignment=&#8220;default&#8220; tablet_text_alignment=&#8220;default&#8220; phone_text_alignment=&#8220;default&#8220; background_color_opacity=&#8220;1&#8243; background_hover_color_opacity=&#8220;1&#8243; column_backdrop_filter=&#8220;none&#8220; column_shadow=&#8220;none&#8220;&#8230;<\/p>\n","protected":false},"author":1,"featured_media":0,"parent":0,"menu_order":0,"comment_status":"closed","ping_status":"closed","template":"","meta":{"_acf_changed":false,"inline_featured_image":false,"footnotes":""},"class_list":["post-4651","page","type-page","status-publish"],"acf":[],"_links":{"self":[{"href":"https:\/\/reseaupsy.lu\/de\/wp-json\/wp\/v2\/pages\/4651","targetHints":{"allow":["GET"]}}],"collection":[{"href":"https:\/\/reseaupsy.lu\/de\/wp-json\/wp\/v2\/pages"}],"about":[{"href":"https:\/\/reseaupsy.lu\/de\/wp-json\/wp\/v2\/types\/page"}],"author":[{"embeddable":true,"href":"https:\/\/reseaupsy.lu\/de\/wp-json\/wp\/v2\/users\/1"}],"replies":[{"embeddable":true,"href":"https:\/\/reseaupsy.lu\/de\/wp-json\/wp\/v2\/comments?post=4651"}],"version-history":[{"count":7,"href":"https:\/\/reseaupsy.lu\/de\/wp-json\/wp\/v2\/pages\/4651\/revisions"}],"predecessor-version":[{"id":5477,"href":"https:\/\/reseaupsy.lu\/de\/wp-json\/wp\/v2\/pages\/4651\/revisions\/5477"}],"wp:attachment":[{"href":"https:\/\/reseaupsy.lu\/de\/wp-json\/wp\/v2\/media?parent=4651"}],"curies":[{"name":"wp","href":"https:\/\/api.w.org\/{rel}","templated":true}]}}